{"id":139,"date":"2023-08-06T12:51:02","date_gmt":"2023-08-06T10:51:02","guid":{"rendered":"http:\/\/insako.pl\/?page_id=139"},"modified":"2023-09-25T18:04:17","modified_gmt":"2023-09-25T16:04:17","slug":"oferta-2","status":"publish","type":"page","link":"https:\/\/insako.pl\/?page_id=139","title":{"rendered":"Oferta"},"content":{"rendered":"\t\t<div data-elementor-type=\"wp-page\" data-elementor-id=\"139\" class=\"elementor elementor-139\">\n\t\t\t\t\t\t\t\t\t<section class=\"elementor-section elementor-top-section elementor-element elementor-element-8d60b1a elementor-hidden-mobile elementor-section-boxed elementor-section-height-default elementor-section-height-default\" data-id=\"8d60b1a\" data-element_type=\"section\">\n\t\t\t\t\t\t<div class=\"elementor-container elementor-column-gap-default\">\n\t\t\t\t\t<div class=\"elementor-column elementor-col-100 elementor-top-column elementor-element elementor-element-b541985\" data-id=\"b541985\" data-element_type=\"column\">\n\t\t\t<div class=\"elementor-widget-wrap elementor-element-populated\">\n\t\t\t\t\t\t\t\t<div class=\"elementor-element elementor-element-7ff80c1 elementor-vertical-align-top elementor-widget elementor-widget-image-box\" data-id=\"7ff80c1\" data-element_type=\"widget\" data-widget_type=\"image-box.default\">\n\t\t\t\t<div class=\"elementor-widget-container\">\n\t\t\t<style>\/*! elementor - v3.15.0 - 31-07-2023 *\/\n.elementor-widget-image-box .elementor-image-box-content{width:100%}@media (min-width:768px){.elementor-widget-image-box.elementor-position-left .elementor-image-box-wrapper,.elementor-widget-image-box.elementor-position-right .elementor-image-box-wrapper{display:flex}.elementor-widget-image-box.elementor-position-right .elementor-image-box-wrapper{text-align:right;flex-direction:row-reverse}.elementor-widget-image-box.elementor-position-left .elementor-image-box-wrapper{text-align:left;flex-direction:row}.elementor-widget-image-box.elementor-position-top .elementor-image-box-img{margin:auto}.elementor-widget-image-box.elementor-vertical-align-top .elementor-image-box-wrapper{align-items:flex-start}.elementor-widget-image-box.elementor-vertical-align-middle .elementor-image-box-wrapper{align-items:center}.elementor-widget-image-box.elementor-vertical-align-bottom .elementor-image-box-wrapper{align-items:flex-end}}@media (max-width:767px){.elementor-widget-image-box .elementor-image-box-img{margin-left:auto!important;margin-right:auto!important;margin-bottom:15px}}.elementor-widget-image-box .elementor-image-box-img{display:inline-block}.elementor-widget-image-box .elementor-image-box-title a{color:inherit}.elementor-widget-image-box .elementor-image-box-wrapper{text-align:center}.elementor-widget-image-box .elementor-image-box-description{margin:0}<\/style><div class=\"elementor-image-box-wrapper\"><div class=\"elementor-image-box-content\"><h3 class=\"elementor-image-box-title\">oferta<\/h3><p class=\"elementor-image-box-description\">WYBIERZ INTERESUJ\u0104CY CI\u0118 RODZAJ OFERTY\n<\/p><\/div><\/div>\t\t<\/div>\n\t\t\t\t<\/div>\n\t\t\t\t\t<\/div>\n\t\t<\/div>\n\t\t\t\t\t\t\t<\/div>\n\t\t<\/section>\n\t\t\t\t<section class=\"elementor-section elementor-top-section elementor-element elementor-element-3491424 elementor-hidden-desktop elementor-hidden-tablet elementor-section-boxed elementor-section-height-default elementor-section-height-default\" data-id=\"3491424\" data-element_type=\"section\">\n\t\t\t\t\t\t<div class=\"elementor-container elementor-column-gap-default\">\n\t\t\t\t\t<div class=\"elementor-column elementor-col-100 elementor-top-column elementor-element elementor-element-61a8c43\" data-id=\"61a8c43\" data-element_type=\"column\">\n\t\t\t<div class=\"elementor-widget-wrap elementor-element-populated\">\n\t\t\t\t\t\t\t\t<div class=\"elementor-element elementor-element-c4e4692 elementor-vertical-align-top elementor-widget elementor-widget-image-box\" data-id=\"c4e4692\" data-element_type=\"widget\" data-widget_type=\"image-box.default\">\n\t\t\t\t<div class=\"elementor-widget-container\">\n\t\t\t<div class=\"elementor-image-box-wrapper\"><div class=\"elementor-image-box-content\"><h3 class=\"elementor-image-box-title\">oferta<\/h3><p class=\"elementor-image-box-description\">WYBIERZ INTERESUJ\u0104CY CI\u0118 RODZAJ OFERTY\n<\/p><\/div><\/div>\t\t<\/div>\n\t\t\t\t<\/div>\n\t\t\t\t\t<\/div>\n\t\t<\/div>\n\t\t\t\t\t\t\t<\/div>\n\t\t<\/section>\n\t\t\t\t<section class=\"elementor-section elementor-top-section elementor-element elementor-element-25a5e21 elementor-hidden-mobile elementor-section-boxed elementor-section-height-default elementor-section-height-default\" data-id=\"25a5e21\" data-element_type=\"section\">\n\t\t\t\t\t\t<div class=\"elementor-container elementor-column-gap-default\">\n\t\t\t\t\t<div class=\"elementor-column elementor-col-50 elementor-top-column elementor-element elementor-element-4cd5286\" data-id=\"4cd5286\" data-element_type=\"column\">\n\t\t\t<div class=\"elementor-widget-wrap elementor-element-populated\">\n\t\t\t\t\t\t\t\t<div class=\"elementor-element elementor-element-c6422c1 elementor-widget elementor-widget-image\" data-id=\"c6422c1\" data-element_type=\"widget\" data-widget_type=\"image.default\">\n\t\t\t\t<div class=\"elementor-widget-container\">\n\t\t\t<style>\/*! elementor - v3.15.0 - 31-07-2023 *\/\n.elementor-widget-image{text-align:center}.elementor-widget-image a{display:inline-block}.elementor-widget-image a img[src$=\".svg\"]{width:48px}.elementor-widget-image img{vertical-align:middle;display:inline-block}<\/style>\t\t\t\t\t\t\t\t\t\t\t\t\t<a href=\"https:\/\/insako.pl\/?page_id=337\">\n\t\t\t\t\t\t\t<img loading=\"lazy\" decoding=\"async\" width=\"1024\" height=\"768\" src=\"https:\/\/insako.pl\/wp-content\/uploads\/2023\/08\/Projekt-bez-nazwy-24-1024x768.png\" class=\"elementor-animation-grow attachment-large size-large wp-image-348\" alt=\"\" srcset=\"https:\/\/insako.pl\/wp-content\/uploads\/2023\/08\/Projekt-bez-nazwy-24-1024x768.png 1024w, https:\/\/insako.pl\/wp-content\/uploads\/2023\/08\/Projekt-bez-nazwy-24-300x225.png 300w, https:\/\/insako.pl\/wp-content\/uploads\/2023\/08\/Projekt-bez-nazwy-24-768x576.png 768w, https:\/\/insako.pl\/wp-content\/uploads\/2023\/08\/Projekt-bez-nazwy-24-1536x1152.png 1536w, https:\/\/insako.pl\/wp-content\/uploads\/2023\/08\/Projekt-bez-nazwy-24-2048x1536.png 2048w\" sizes=\"auto, (max-width: 1024px) 100vw, 1024px\" \/>\t\t\t\t\t\t\t\t<\/a>\n\t\t\t\t\t\t\t\t\t\t\t\t\t\t\t<\/div>\n\t\t\t\t<\/div>\n\t\t\t\t<div class=\"elementor-element elementor-element-f055ea2 elementor-widget elementor-widget-heading\" data-id=\"f055ea2\" data-element_type=\"widget\" data-widget_type=\"heading.default\">\n\t\t\t\t<div class=\"elementor-widget-container\">\n\t\t\t<style>\/*! elementor - v3.15.0 - 31-07-2023 *\/\n.elementor-heading-title{padding:0;margin:0;line-height:1}.elementor-widget-heading .elementor-heading-title[class*=elementor-size-]>a{color:inherit;font-size:inherit;line-height:inherit}.elementor-widget-heading .elementor-heading-title.elementor-size-small{font-size:15px}.elementor-widget-heading .elementor-heading-title.elementor-size-medium{font-size:19px}.elementor-widget-heading .elementor-heading-title.elementor-size-large{font-size:29px}.elementor-widget-heading .elementor-heading-title.elementor-size-xl{font-size:39px}.elementor-widget-heading .elementor-heading-title.elementor-size-xxl{font-size:59px}<\/style><h4 class=\"elementor-heading-title elementor-size-default\">Klienci Indywidualni<\/h4>\t\t<\/div>\n\t\t\t\t<\/div>\n\t\t\t\t\t<\/div>\n\t\t<\/div>\n\t\t\t\t<div class=\"elementor-column elementor-col-50 elementor-top-column elementor-element elementor-element-5642e55\" data-id=\"5642e55\" data-element_type=\"column\">\n\t\t\t<div class=\"elementor-widget-wrap elementor-element-populated\">\n\t\t\t\t\t\t\t\t<div class=\"elementor-element elementor-element-987c37f elementor-widget elementor-widget-image\" data-id=\"987c37f\" data-element_type=\"widget\" data-widget_type=\"image.default\">\n\t\t\t\t<div class=\"elementor-widget-container\">\n\t\t\t\t\t\t\t\t\t\t\t\t\t\t\t\t<a href=\"https:\/\/insako.pl\/?page_id=129\">\n\t\t\t\t\t\t\t<img loading=\"lazy\" decoding=\"async\" width=\"1024\" height=\"768\" src=\"https:\/\/insako.pl\/wp-content\/uploads\/2023\/09\/IMG_20200402_130711-1024x768.jpg\" class=\"elementor-animation-grow attachment-large size-large wp-image-391\" alt=\"\" srcset=\"https:\/\/insako.pl\/wp-content\/uploads\/2023\/09\/IMG_20200402_130711-1024x768.jpg 1024w, https:\/\/insako.pl\/wp-content\/uploads\/2023\/09\/IMG_20200402_130711-300x225.jpg 300w, https:\/\/insako.pl\/wp-content\/uploads\/2023\/09\/IMG_20200402_130711-768x576.jpg 768w, https:\/\/insako.pl\/wp-content\/uploads\/2023\/09\/IMG_20200402_130711-1536x1152.jpg 1536w, https:\/\/insako.pl\/wp-content\/uploads\/2023\/09\/IMG_20200402_130711-2048x1536.jpg 2048w\" sizes=\"auto, (max-width: 1024px) 100vw, 1024px\" \/>\t\t\t\t\t\t\t\t<\/a>\n\t\t\t\t\t\t\t\t\t\t\t\t\t\t\t<\/div>\n\t\t\t\t<\/div>\n\t\t\t\t<div class=\"elementor-element elementor-element-11d8681 elementor-widget elementor-widget-heading\" data-id=\"11d8681\" data-element_type=\"widget\" data-widget_type=\"heading.default\">\n\t\t\t\t<div class=\"elementor-widget-container\">\n\t\t\t<h4 class=\"elementor-heading-title elementor-size-default\">Klienci Firmowi<\/h4>\t\t<\/div>\n\t\t\t\t<\/div>\n\t\t\t\t\t<\/div>\n\t\t<\/div>\n\t\t\t\t\t\t\t<\/div>\n\t\t<\/section>\n\t\t\t\t<section class=\"elementor-section elementor-top-section elementor-element elementor-element-5f933d4 elementor-section-full_width elementor-section-stretched elementor-hidden-desktop elementor-hidden-tablet elementor-section-height-default elementor-section-height-default\" data-id=\"5f933d4\" data-element_type=\"section\" data-settings=\"{&quot;stretch_section&quot;:&quot;section-stretched&quot;}\">\n\t\t\t\t\t\t<div class=\"elementor-container elementor-column-gap-default\">\n\t\t\t\t\t<div class=\"elementor-column elementor-col-50 elementor-top-column elementor-element elementor-element-6a167e2\" data-id=\"6a167e2\" data-element_type=\"column\">\n\t\t\t<div class=\"elementor-widget-wrap elementor-element-populated\">\n\t\t\t\t\t\t\t\t<div class=\"elementor-element elementor-element-19e8c1c elementor-widget elementor-widget-image\" data-id=\"19e8c1c\" data-element_type=\"widget\" data-widget_type=\"image.default\">\n\t\t\t\t<div class=\"elementor-widget-container\">\n\t\t\t\t\t\t\t\t\t\t\t\t\t\t\t\t<a href=\"https:\/\/insako.pl\/?page_id=337\">\n\t\t\t\t\t\t\t<img loading=\"lazy\" decoding=\"async\" width=\"1024\" height=\"768\" src=\"https:\/\/insako.pl\/wp-content\/uploads\/2023\/08\/Projekt-bez-nazwy-24-1024x768.png\" class=\"elementor-animation-grow attachment-large size-large wp-image-348\" alt=\"\" srcset=\"https:\/\/insako.pl\/wp-content\/uploads\/2023\/08\/Projekt-bez-nazwy-24-1024x768.png 1024w, https:\/\/insako.pl\/wp-content\/uploads\/2023\/08\/Projekt-bez-nazwy-24-300x225.png 300w, https:\/\/insako.pl\/wp-content\/uploads\/2023\/08\/Projekt-bez-nazwy-24-768x576.png 768w, https:\/\/insako.pl\/wp-content\/uploads\/2023\/08\/Projekt-bez-nazwy-24-1536x1152.png 1536w, https:\/\/insako.pl\/wp-content\/uploads\/2023\/08\/Projekt-bez-nazwy-24-2048x1536.png 2048w\" sizes=\"auto, (max-width: 1024px) 100vw, 1024px\" \/>\t\t\t\t\t\t\t\t<\/a>\n\t\t\t\t\t\t\t\t\t\t\t\t\t\t\t<\/div>\n\t\t\t\t<\/div>\n\t\t\t\t<div class=\"elementor-element elementor-element-b90edb5 elementor-widget elementor-widget-heading\" data-id=\"b90edb5\" data-element_type=\"widget\" data-widget_type=\"heading.default\">\n\t\t\t\t<div class=\"elementor-widget-container\">\n\t\t\t<h4 class=\"elementor-heading-title elementor-size-default\">Klienci Indywidualni<\/h4>\t\t<\/div>\n\t\t\t\t<\/div>\n\t\t\t\t\t<\/div>\n\t\t<\/div>\n\t\t\t\t<div class=\"elementor-column elementor-col-50 elementor-top-column elementor-element elementor-element-5ea30ab\" data-id=\"5ea30ab\" data-element_type=\"column\">\n\t\t\t<div class=\"elementor-widget-wrap elementor-element-populated\">\n\t\t\t\t\t\t\t\t<div class=\"elementor-element elementor-element-ab8463d elementor-widget elementor-widget-image\" data-id=\"ab8463d\" data-element_type=\"widget\" data-widget_type=\"image.default\">\n\t\t\t\t<div class=\"elementor-widget-container\">\n\t\t\t\t\t\t\t\t\t\t\t\t\t\t\t\t<a href=\"https:\/\/insako.pl\/?page_id=129\">\n\t\t\t\t\t\t\t<img loading=\"lazy\" decoding=\"async\" width=\"1024\" height=\"768\" src=\"https:\/\/insako.pl\/wp-content\/uploads\/2023\/09\/IMG_20200402_130711-1024x768.jpg\" class=\"elementor-animation-grow attachment-large size-large wp-image-391\" alt=\"\" srcset=\"https:\/\/insako.pl\/wp-content\/uploads\/2023\/09\/IMG_20200402_130711-1024x768.jpg 1024w, https:\/\/insako.pl\/wp-content\/uploads\/2023\/09\/IMG_20200402_130711-300x225.jpg 300w, https:\/\/insako.pl\/wp-content\/uploads\/2023\/09\/IMG_20200402_130711-768x576.jpg 768w, https:\/\/insako.pl\/wp-content\/uploads\/2023\/09\/IMG_20200402_130711-1536x1152.jpg 1536w, https:\/\/insako.pl\/wp-content\/uploads\/2023\/09\/IMG_20200402_130711-2048x1536.jpg 2048w\" sizes=\"auto, (max-width: 1024px) 100vw, 1024px\" \/>\t\t\t\t\t\t\t\t<\/a>\n\t\t\t\t\t\t\t\t\t\t\t\t\t\t\t<\/div>\n\t\t\t\t<\/div>\n\t\t\t\t<div class=\"elementor-element elementor-element-d524d90 elementor-widget elementor-widget-heading\" data-id=\"d524d90\" data-element_type=\"widget\" data-widget_type=\"heading.default\">\n\t\t\t\t<div class=\"elementor-widget-container\">\n\t\t\t<h4 class=\"elementor-heading-title elementor-size-default\">Klienci Firmowi<\/h4>\t\t<\/div>\n\t\t\t\t<\/div>\n\t\t\t\t\t<\/div>\n\t\t<\/div>\n\t\t\t\t\t\t\t<\/div>\n\t\t<\/section>\n\t\t\t\t\t\t\t<\/div>\n\t\t","protected":false},"excerpt":{"rendered":"<p>oferta WYBIERZ INTERESUJ\u0104CY CI\u0118 RODZAJ OFERTY oferta WYBIERZ INTERESUJ\u0104CY CI\u0118 RODZAJ OFERTY Klienci Indywidualni Klienci Firmowi Klienci Indywidualni Klienci Firmowi<\/p>\n","protected":false},"author":1,"featured_media":0,"parent":0,"menu_order":0,"comment_status":"closed","ping_status":"closed","template":"","meta":{"site-sidebar-layout":"no-sidebar","site-content-layout":"page-builder","ast-global-header-display":"","ast-banner-title-visibility":"","ast-main-header-display":"","ast-hfb-above-header-display":"","ast-hfb-below-header-display":"","ast-hfb-mobile-header-display":"","site-post-title":"disabled","ast-breadcrumbs-content":"","ast-featured-img":"disabled","footer-sml-layout":"","theme-transparent-header-meta":"","adv-header-id-meta":"","stick-header-meta":"","header-above-stick-meta":"","header-main-stick-meta":"","header-below-stick-meta":"","footnotes":""},"class_list":["post-139","page","type-page","status-publish","hentry"],"_links":{"self":[{"href":"https:\/\/insako.pl\/index.php?rest_route=\/wp\/v2\/pages\/139","targetHints":{"allow":["GET"]}}],"collection":[{"href":"https:\/\/insako.pl\/index.php?rest_route=\/wp\/v2\/pages"}],"about":[{"href":"https:\/\/insako.pl\/index.php?rest_route=\/wp\/v2\/types\/page"}],"author":[{"embeddable":true,"href":"https:\/\/insako.pl\/index.php?rest_route=\/wp\/v2\/users\/1"}],"replies":[{"embeddable":true,"href":"https:\/\/insako.pl\/index.php?rest_route=%2Fwp%2Fv2%2Fcomments&post=139"}],"version-history":[{"count":68,"href":"https:\/\/insako.pl\/index.php?rest_route=\/wp\/v2\/pages\/139\/revisions"}],"predecessor-version":[{"id":936,"href":"https:\/\/insako.pl\/index.php?rest_route=\/wp\/v2\/pages\/139\/revisions\/936"}],"wp:attachment":[{"href":"https:\/\/insako.pl\/index.php?rest_route=%2Fwp%2Fv2%2Fmedia&parent=139"}],"curies":[{"name":"wp","href":"https:\/\/api.w.org\/{rel}","templated":true}]}}